{"id":471,"date":"2018-01-09T10:16:48","date_gmt":"2018-01-09T10:16:48","guid":{"rendered":"https:\/\/localhost\/?page_id=471"},"modified":"2019-07-17T14:22:10","modified_gmt":"2019-07-17T14:22:10","slug":"contacto","status":"publish","type":"page","link":"https:\/\/summecosmetics.es\/es\/contacto\/","title":{"rendered":"Contact"},"content":{"rendered":"\n<div class=\"wpcf7 no-js\" id=\"wpcf7-f2510-o1\" lang=\"es-ES\" dir=\"ltr\" data-wpcf7-id=\"2510\">\n<div class=\"screen-reader-response\"><p role=\"status\" aria-live=\"polite\" aria-atomic=\"true\"><\/p> <ul><\/ul><\/div>\n<form action=\"\/es\/wp-json\/wp\/v2\/pages\/471#wpcf7-f2510-o1\" method=\"post\" class=\"wpcf7-form init wpcf7-acceptance-as-validation\" aria-label=\"Formulario de contacto\" novalidate=\"novalidate\" data-status=\"init\">\n<fieldset class=\"hidden-fields-container\"><input type=\"hidden\" name=\"_wpcf7\" value=\"2510\" \/><input type=\"hidden\" name=\"_wpcf7_version\" value=\"6.1\" \/><input type=\"hidden\" name=\"_wpcf7_locale\" value=\"es_ES\" \/><input type=\"hidden\" name=\"_wpcf7_unit_tag\" value=\"wpcf7-f2510-o1\" \/><input type=\"hidden\" name=\"_wpcf7_container_post\" value=\"0\" \/><input type=\"hidden\" name=\"_wpcf7_posted_data_hash\" value=\"\" \/><input type=\"hidden\" name=\"_wpcf7_recaptcha_response\" value=\"\" \/>\n<\/fieldset>\n<div class=\"row\">\n\t<div class=\"col-sm-6\">\n\t\t<div class=\"form-group\">\n\t\t\t<p><label class=\"control-label\" for=\"your-name\">Nombre*<\/label><span class=\"wpcf7-form-control-wrap\" data-name=\"your-name\"><input size=\"40\" maxlength=\"400\" class=\"wpcf7-form-control wpcf7-text wpcf7-validates-as-required\" aria-required=\"true\" aria-invalid=\"false\" value=\"\" type=\"text\" name=\"your-name\" \/><\/span>\n\t\t\t<\/p>\n\t\t<\/div>\n\t<\/div>\n<\/div>\n<div class=\"row\">\n\t<div class=\"col-sm-6\">\n\t\t<div class=\"form-group\">\n\t\t\t<p><label class=\"control-label\" for=\"your-surname\">Apellidos*<\/label><span class=\"wpcf7-form-control-wrap\" data-name=\"your-surname\"><input size=\"40\" maxlength=\"400\" class=\"wpcf7-form-control wpcf7-text wpcf7-validates-as-required\" aria-required=\"true\" aria-invalid=\"false\" value=\"\" type=\"text\" name=\"your-surname\" \/><\/span>\n\t\t\t<\/p>\n\t\t<\/div>\n\t<\/div>\n\t<div class=\"col-sm-6\">\n\t\t<div class=\"form-group\">\n\t\t\t<p><label class=\"control-label\" for=\"your-email\">Email* (example@domain.com)<\/label><span class=\"wpcf7-form-control-wrap\" data-name=\"your-email\"><input size=\"40\" maxlength=\"400\" class=\"wpcf7-form-control wpcf7-email wpcf7-validates-as-required wpcf7-text wpcf7-validates-as-email\" aria-required=\"true\" aria-invalid=\"false\" value=\"\" type=\"email\" name=\"your-email\" \/><\/span>\n\t\t\t<\/p>\n\t\t<\/div>\n\t<\/div>\n<\/div>\n<div class=\"row\">\n\t<div class=\"col-sm-6\">\n\t\t<div class=\"form-group\">\n\t\t\t<p><label class=\"control-label\" for=\"your-country\">Pa\u00eds*<\/label><span class=\"wpcf7-form-control-wrap\" data-name=\"your-country\"><input size=\"40\" maxlength=\"400\" class=\"wpcf7-form-control wpcf7-text wpcf7-validates-as-required\" aria-required=\"true\" aria-invalid=\"false\" value=\"\" type=\"text\" name=\"your-country\" \/><\/span>\n\t\t\t<\/p>\n\t\t<\/div>\n\t<\/div>\n\t<div class=\"col-sm-6\">\n\t\t<div class=\"form-group\">\n\t\t\t<p><label class=\"control-label\" for=\"your-city\">Localidad*<\/label><span class=\"wpcf7-form-control-wrap\" data-name=\"your-city\"><input size=\"40\" maxlength=\"400\" class=\"wpcf7-form-control wpcf7-text wpcf7-validates-as-required\" aria-required=\"true\" aria-invalid=\"false\" value=\"\" type=\"text\" name=\"your-city\" \/><\/span>\n\t\t\t<\/p>\n\t\t<\/div>\n\t<\/div>\n<\/div>\n<div class=\"row\">\n\t<div class=\"col-sm-6\">\n\t\t<div class=\"form-group\">\n\t\t\t<p><label class=\"control-label\" for=\"your-cp\">C\u00f3digo Postal*<\/label><span class=\"wpcf7-form-control-wrap\" data-name=\"your-cp\"><input size=\"40\" maxlength=\"400\" class=\"wpcf7-form-control wpcf7-text wpcf7-validates-as-required\" aria-required=\"true\" aria-invalid=\"false\" value=\"\" type=\"text\" name=\"your-cp\" \/><\/span>\n\t\t\t<\/p>\n\t\t<\/div>\n\t<\/div>\n\t<div class=\"col-sm-6\">\n\t\t<div class=\"form-group\">\n\t\t\t<p><label class=\"control-label\" for=\"your-phone\">Tel\u00e9fono*<\/label><span class=\"wpcf7-form-control-wrap\" data-name=\"your-phone\"><input size=\"40\" maxlength=\"400\" class=\"wpcf7-form-control wpcf7-tel wpcf7-validates-as-required wpcf7-text wpcf7-validates-as-tel\" aria-required=\"true\" aria-invalid=\"false\" value=\"\" type=\"tel\" name=\"your-phone\" \/><\/span>\n\t\t\t<\/p>\n\t\t<\/div>\n\t<\/div>\n<\/div>\n<div class=\"row\">\n\t<div class=\"col-sm-12\">\n\t\t<div class=\"form-group\">\n\t\t\t<p><label class=\"control-label\" for=\"your-message\">Mensaje<\/label><span class=\"wpcf7-form-control-wrap\" data-name=\"your-message\"><textarea cols=\"40\" rows=\"10\" maxlength=\"2000\" class=\"wpcf7-form-control wpcf7-textarea\" aria-invalid=\"false\" name=\"your-message\"><\/textarea><\/span>\n\t\t\t<\/p>\n\t\t<\/div>\n\t<\/div>\n<\/div>\n<div class=\"row\">\n\t<div class=\"col-sm-6\">\n\t\t<div class=\"form-group\">\n\t\t\t<div class=\"wpcf7-list-item\">\n\t\t\t\t<p><span class=\"wpcf7-form-control-wrap\" data-name=\"acceptance-732\"><span class=\"wpcf7-form-control wpcf7-acceptance\"><span class=\"wpcf7-list-item\"><label><input type=\"checkbox\" name=\"acceptance-732\" value=\"1\" aria-invalid=\"false\" \/><span class=\"wpcf7-list-item-label\">Acepto recibir informaci\u00f3n comercial, incluso por medios electr\u00f3nicos<\/span><\/label><\/span><\/span><\/span><br \/>\n<span class=\"wpcf7-form-control-wrap\" data-name=\"acceptance-731\"><span class=\"wpcf7-form-control wpcf7-acceptance\"><span class=\"wpcf7-list-item\"><label><input type=\"checkbox\" name=\"acceptance-731\" value=\"1\" aria-invalid=\"false\" \/><span class=\"wpcf7-list-item-label\">He le\u00eddo y acepto la <a href=\"https:\/\/summecosmetics.es\/es\/politica-de-privacidad\/\">Pol\u00edtica de privacidad<\/a><\/span><\/label><\/span><\/span><\/span>\n\t\t\t\t<\/p>\n\t\t\t<\/div>\n\t\t<\/div>\n\t<\/div>\n\t<div class=\"col-sm-6\">\n\t\t<div class=\"form-group\">\n\t\t\t<p><input class=\"wpcf7-form-control wpcf7-submit has-spinner\" type=\"submit\" value=\"Enviar Mensaje\" \/>\n\t\t\t<\/p>\n\t\t<\/div>\n\t<\/div>\n<\/div>\n<div class=\"wpcf7-response-output\" aria-hidden=\"true\"><\/div>\n<div class=\"form-group\">\n\t<p class=\"rh_widget_form__row textos-legales-form\"> Finalidades: Responder a sus solicitudes y remitirle informaci\u00f3n comercial de nuestros productos y servicios, incluso por medios electr\u00f3nicos. Derechos: Puede retirar su consentimiento en cualquier momento, as\u00ed como acceder, rectificar, suprimir sus datos y dem\u00e1s derechos en info@summecosmetics.es . Informaci\u00f3n Adicional: <a href=\"https:\/\/summecosmetics.es\/es\/politica-de-privacidad\/\">Pol\u00edtica de privacidad<\/a> .\n\t<\/p>\n<\/div>\n<\/form>\n<\/div>\n\n","protected":false},"excerpt":{"rendered":"","protected":false},"author":1,"featured_media":0,"parent":0,"menu_order":0,"comment_status":"closed","ping_status":"closed","template":"template-contact.php","meta":{"_acf_changed":false,"inline_featured_image":false,"footnotes":""},"class_list":["post-471","page","type-page","status-publish","hentry"],"acf":[],"yoast_head":"<!-- This site is optimized with the Yoast SEO plugin v26.3 - https:\/\/yoast.com\/wordpress\/plugins\/seo\/ -->\n<title>Contact - Summecosmetics<\/title>\n<meta name=\"robots\" content=\"index, follow, max-snippet:-1, max-image-preview:large, max-video-preview:-1\" \/>\n<link rel=\"canonical\" href=\"https:\/\/summecosmetics.es\/es\/contacto\/\" \/>\n<meta property=\"og:locale\" content=\"es_ES\" \/>\n<meta property=\"og:type\" content=\"article\" \/>\n<meta property=\"og:title\" content=\"Contact - Summecosmetics\" \/>\n<meta property=\"og:url\" content=\"https:\/\/summecosmetics.es\/es\/contacto\/\" \/>\n<meta property=\"og:site_name\" content=\"Summecosmetics\" \/>\n<meta property=\"article:publisher\" content=\"https:\/\/www.facebook.com\/summecosmetics\/\" \/>\n<meta property=\"article:modified_time\" content=\"2019-07-17T14:22:10+00:00\" \/>\n<meta name=\"twitter:card\" content=\"summary_large_image\" \/>\n<script type=\"application\/ld+json\" class=\"yoast-schema-graph\">{\"@context\":\"https:\/\/schema.org\",\"@graph\":[{\"@type\":\"WebPage\",\"@id\":\"https:\/\/summecosmetics.es\/es\/contacto\/\",\"url\":\"https:\/\/summecosmetics.es\/es\/contacto\/\",\"name\":\"Contact - Summecosmetics\",\"isPartOf\":{\"@id\":\"https:\/\/summecosmetics.es\/es\/#website\"},\"datePublished\":\"2018-01-09T10:16:48+00:00\",\"dateModified\":\"2019-07-17T14:22:10+00:00\",\"breadcrumb\":{\"@id\":\"https:\/\/summecosmetics.es\/es\/contacto\/#breadcrumb\"},\"inLanguage\":\"es\",\"potentialAction\":[{\"@type\":\"ReadAction\",\"target\":[\"https:\/\/summecosmetics.es\/es\/contacto\/\"]}]},{\"@type\":\"BreadcrumbList\",\"@id\":\"https:\/\/summecosmetics.es\/es\/contacto\/#breadcrumb\",\"itemListElement\":[{\"@type\":\"ListItem\",\"position\":1,\"name\":\"Home\",\"item\":\"https:\/\/summecosmetics.es\/es\/\"},{\"@type\":\"ListItem\",\"position\":2,\"name\":\"Contact\"}]},{\"@type\":\"WebSite\",\"@id\":\"https:\/\/summecosmetics.es\/es\/#website\",\"url\":\"https:\/\/summecosmetics.es\/es\/\",\"name\":\"Summecosmetics\",\"description\":\"\",\"publisher\":{\"@id\":\"https:\/\/summecosmetics.es\/es\/#organization\"},\"potentialAction\":[{\"@type\":\"SearchAction\",\"target\":{\"@type\":\"EntryPoint\",\"urlTemplate\":\"https:\/\/summecosmetics.es\/es\/?s={search_term_string}\"},\"query-input\":{\"@type\":\"PropertyValueSpecification\",\"valueRequired\":true,\"valueName\":\"search_term_string\"}}],\"inLanguage\":\"es\"},{\"@type\":\"Organization\",\"@id\":\"https:\/\/summecosmetics.es\/es\/#organization\",\"name\":\"Summecosmetics\",\"url\":\"https:\/\/summecosmetics.es\/es\/\",\"logo\":{\"@type\":\"ImageObject\",\"inLanguage\":\"es\",\"@id\":\"https:\/\/summecosmetics.es\/es\/#\/schema\/logo\/image\/\",\"url\":\"https:\/\/summecosmetics.es\/wp-content\/uploads\/2018\/01\/logo_sume_pdf.png\",\"contentUrl\":\"https:\/\/summecosmetics.es\/wp-content\/uploads\/2018\/01\/logo_sume_pdf.png\",\"width\":800,\"height\":519,\"caption\":\"Summecosmetics\"},\"image\":{\"@id\":\"https:\/\/summecosmetics.es\/es\/#\/schema\/logo\/image\/\"},\"sameAs\":[\"https:\/\/www.facebook.com\/summecosmetics\/\",\"https:\/\/www.instagram.com\/summecosmetics\/\",\"https:\/\/www.pinterest.es\/summe2010\/\",\"https:\/\/www.youtube.com\/channel\/UCH8VKM8-QvCmbt0n02xSODg\"]}]}<\/script>\n<!-- \/ Yoast SEO plugin. -->","yoast_head_json":{"title":"Contact - Summecosmetics","robots":{"index":"index","follow":"follow","max-snippet":"max-snippet:-1","max-image-preview":"max-image-preview:large","max-video-preview":"max-video-preview:-1"},"canonical":"https:\/\/summecosmetics.es\/es\/contacto\/","og_locale":"es_ES","og_type":"article","og_title":"Contact - Summecosmetics","og_url":"https:\/\/summecosmetics.es\/es\/contacto\/","og_site_name":"Summecosmetics","article_publisher":"https:\/\/www.facebook.com\/summecosmetics\/","article_modified_time":"2019-07-17T14:22:10+00:00","twitter_card":"summary_large_image","schema":{"@context":"https:\/\/schema.org","@graph":[{"@type":"WebPage","@id":"https:\/\/summecosmetics.es\/es\/contacto\/","url":"https:\/\/summecosmetics.es\/es\/contacto\/","name":"Contact - Summecosmetics","isPartOf":{"@id":"https:\/\/summecosmetics.es\/es\/#website"},"datePublished":"2018-01-09T10:16:48+00:00","dateModified":"2019-07-17T14:22:10+00:00","breadcrumb":{"@id":"https:\/\/summecosmetics.es\/es\/contacto\/#breadcrumb"},"inLanguage":"es","potentialAction":[{"@type":"ReadAction","target":["https:\/\/summecosmetics.es\/es\/contacto\/"]}]},{"@type":"BreadcrumbList","@id":"https:\/\/summecosmetics.es\/es\/contacto\/#breadcrumb","itemListElement":[{"@type":"ListItem","position":1,"name":"Home","item":"https:\/\/summecosmetics.es\/es\/"},{"@type":"ListItem","position":2,"name":"Contact"}]},{"@type":"WebSite","@id":"https:\/\/summecosmetics.es\/es\/#website","url":"https:\/\/summecosmetics.es\/es\/","name":"Summecosmetics","description":"","publisher":{"@id":"https:\/\/summecosmetics.es\/es\/#organization"},"potentialAction":[{"@type":"SearchAction","target":{"@type":"EntryPoint","urlTemplate":"https:\/\/summecosmetics.es\/es\/?s={search_term_string}"},"query-input":{"@type":"PropertyValueSpecification","valueRequired":true,"valueName":"search_term_string"}}],"inLanguage":"es"},{"@type":"Organization","@id":"https:\/\/summecosmetics.es\/es\/#organization","name":"Summecosmetics","url":"https:\/\/summecosmetics.es\/es\/","logo":{"@type":"ImageObject","inLanguage":"es","@id":"https:\/\/summecosmetics.es\/es\/#\/schema\/logo\/image\/","url":"https:\/\/summecosmetics.es\/wp-content\/uploads\/2018\/01\/logo_sume_pdf.png","contentUrl":"https:\/\/summecosmetics.es\/wp-content\/uploads\/2018\/01\/logo_sume_pdf.png","width":800,"height":519,"caption":"Summecosmetics"},"image":{"@id":"https:\/\/summecosmetics.es\/es\/#\/schema\/logo\/image\/"},"sameAs":["https:\/\/www.facebook.com\/summecosmetics\/","https:\/\/www.instagram.com\/summecosmetics\/","https:\/\/www.pinterest.es\/summe2010\/","https:\/\/www.youtube.com\/channel\/UCH8VKM8-QvCmbt0n02xSODg"]}]}},"_links":{"self":[{"href":"https:\/\/summecosmetics.es\/es\/wp-json\/wp\/v2\/pages\/471","targetHints":{"allow":["GET"]}}],"collection":[{"href":"https:\/\/summecosmetics.es\/es\/wp-json\/wp\/v2\/pages"}],"about":[{"href":"https:\/\/summecosmetics.es\/es\/wp-json\/wp\/v2\/types\/page"}],"author":[{"embeddable":true,"href":"https:\/\/summecosmetics.es\/es\/wp-json\/wp\/v2\/users\/1"}],"replies":[{"embeddable":true,"href":"https:\/\/summecosmetics.es\/es\/wp-json\/wp\/v2\/comments?post=471"}],"version-history":[{"count":0,"href":"https:\/\/summecosmetics.es\/es\/wp-json\/wp\/v2\/pages\/471\/revisions"}],"wp:attachment":[{"href":"https:\/\/summecosmetics.es\/es\/wp-json\/wp\/v2\/media?parent=471"}],"curies":[{"name":"wp","href":"https:\/\/api.w.org\/{rel}","templated":true}]}}