{"id":7183,"date":"2024-04-03T16:54:10","date_gmt":"2024-04-03T14:54:10","guid":{"rendered":"https:\/\/summecosmetics.es\/?post_type=product&#038;p=7183"},"modified":"2026-03-26T10:58:10","modified_gmt":"2026-03-26T09:58:10","slug":"body-peeling-gel","status":"publish","type":"product","link":"https:\/\/summecosmetics.es\/es\/producto\/body-peeling-gel\/","title":{"rendered":"BODY PEELING GEL CON PERLITE"},"content":{"rendered":"<p>Body Peeling Gel con Perlite. Exfoliante corporal de textura gel que promueve una \u00f3ptima renovaci\u00f3n de la piel, respetando el manto hidrolip\u00eddico. La part\u00edcula abrasiva, Perlite, incentiva la activaci\u00f3n d\u00e9rmica, estimul\u00e1ndola y dej\u00e1ndola m\u00e1s receptiva a cualquier tratamiento corporal. Indicado, tambi\u00e9n, para la preparaci\u00f3n de la piel ante las primeras exposiciones solares.<\/p>\n","protected":false},"excerpt":{"rendered":"<p>Body Peeling Gel con Perlite. Exfoliante corporal de textura gel que promueve una \u00f3ptima renovaci\u00f3n de la piel, respetando el manto hidrolip\u00eddico. La part\u00edcula abrasiva, Perlite, incentiva la activaci\u00f3n d\u00e9rmica, estimul\u00e1ndola y dej\u00e1ndola m\u00e1s receptiva a cualquier tratamiento corporal. Indicado, tambi\u00e9n, para la preparaci\u00f3n de la piel ante las primeras exposiciones solares.<\/p>\n","protected":false},"featured_media":7187,"template":"","meta":{"_acf_changed":false,"inline_featured_image":false,"footnotes":""},"product_brand":[],"product_cat":[125],"product_tag":[],"class_list":{"0":"post-7183","1":"product","2":"type-product","3":"status-publish","4":"has-post-thumbnail","6":"product_cat-global-svelt","8":"first","9":"instock","10":"purchasable","11":"product-type-variable","12":"has-default-attributes"},"acf":[],"yoast_head":"<!-- This site is optimized with the Yoast SEO plugin v26.3 - https:\/\/yoast.com\/wordpress\/plugins\/seo\/ -->\n<title>BODY PEELING GEL CON PERLITE - Summecosmetics<\/title>\n<meta name=\"description\" content=\"Body peeling gel. \u00d3ptima y respetuosa renovaci\u00f3n de la piel. Indicado antes de tratamientos corporales y de las primeras exposiciones solares.\" \/>\n<meta name=\"robots\" content=\"index, follow, max-snippet:-1, max-image-preview:large, max-video-preview:-1\" \/>\n<link rel=\"canonical\" href=\"https:\/\/summecosmetics.es\/es\/producto\/body-peeling-gel\/\" \/>\n<meta property=\"og:locale\" content=\"es_ES\" \/>\n<meta property=\"og:type\" content=\"article\" \/>\n<meta property=\"og:title\" content=\"BODY PEELING GEL CON PERLITE - Summecosmetics\" \/>\n<meta property=\"og:description\" content=\"Body peeling gel. \u00d3ptima y respetuosa renovaci\u00f3n de la piel. Indicado antes de tratamientos corporales y de las primeras exposiciones solares.\" \/>\n<meta property=\"og:url\" content=\"https:\/\/summecosmetics.es\/es\/producto\/body-peeling-gel\/\" \/>\n<meta property=\"og:site_name\" content=\"Summecosmetics\" \/>\n<meta property=\"article:publisher\" content=\"https:\/\/www.facebook.com\/summecosmetics\/\" \/>\n<meta property=\"article:modified_time\" content=\"2026-03-26T09:58:10+00:00\" \/>\n<meta property=\"og:image\" content=\"https:\/\/summecosmetics.es\/wp-content\/uploads\/2024\/04\/exfoliante-tubo_producto-categoria.jpg\" \/>\n\t<meta property=\"og:image:width\" content=\"960\" \/>\n\t<meta property=\"og:image:height\" content=\"960\" \/>\n\t<meta property=\"og:image:type\" content=\"image\/jpeg\" \/>\n<meta name=\"twitter:card\" content=\"summary_large_image\" \/>\n<meta name=\"twitter:label1\" content=\"Tiempo de lectura\" \/>\n\t<meta name=\"twitter:data1\" content=\"1 minuto\" \/>\n<script type=\"application\/ld+json\" class=\"yoast-schema-graph\">{\"@context\":\"https:\/\/schema.org\",\"@graph\":[{\"@type\":\"WebPage\",\"@id\":\"https:\/\/summecosmetics.es\/es\/producto\/body-peeling-gel\/\",\"url\":\"https:\/\/summecosmetics.es\/es\/producto\/body-peeling-gel\/\",\"name\":\"BODY PEELING GEL CON PERLITE - Summecosmetics\",\"isPartOf\":{\"@id\":\"https:\/\/summecosmetics.es\/es\/#website\"},\"primaryImageOfPage\":{\"@id\":\"https:\/\/summecosmetics.es\/es\/producto\/body-peeling-gel\/#primaryimage\"},\"image\":{\"@id\":\"https:\/\/summecosmetics.es\/es\/producto\/body-peeling-gel\/#primaryimage\"},\"thumbnailUrl\":\"https:\/\/summecosmetics.es\/wp-content\/uploads\/2024\/04\/exfoliante-tubo_producto-categoria.jpg\",\"datePublished\":\"2024-04-03T14:54:10+00:00\",\"dateModified\":\"2026-03-26T09:58:10+00:00\",\"description\":\"Body peeling gel. \u00d3ptima y respetuosa renovaci\u00f3n de la piel. Indicado antes de tratamientos corporales y de las primeras exposiciones solares.\",\"breadcrumb\":{\"@id\":\"https:\/\/summecosmetics.es\/es\/producto\/body-peeling-gel\/#breadcrumb\"},\"inLanguage\":\"es\",\"potentialAction\":[{\"@type\":\"ReadAction\",\"target\":[\"https:\/\/summecosmetics.es\/es\/producto\/body-peeling-gel\/\"]}]},{\"@type\":\"ImageObject\",\"inLanguage\":\"es\",\"@id\":\"https:\/\/summecosmetics.es\/es\/producto\/body-peeling-gel\/#primaryimage\",\"url\":\"https:\/\/summecosmetics.es\/wp-content\/uploads\/2024\/04\/exfoliante-tubo_producto-categoria.jpg\",\"contentUrl\":\"https:\/\/summecosmetics.es\/wp-content\/uploads\/2024\/04\/exfoliante-tubo_producto-categoria.jpg\",\"width\":960,\"height\":960,\"caption\":\"Packaging Gel exfoliante corporal\"},{\"@type\":\"BreadcrumbList\",\"@id\":\"https:\/\/summecosmetics.es\/es\/producto\/body-peeling-gel\/#breadcrumb\",\"itemListElement\":[{\"@type\":\"ListItem\",\"position\":1,\"name\":\"Home\",\"item\":\"https:\/\/summecosmetics.es\/es\/\"},{\"@type\":\"ListItem\",\"position\":2,\"name\":\"Productos\",\"item\":\"https:\/\/summecosmetics.es\/es\/shop\/\"},{\"@type\":\"ListItem\",\"position\":3,\"name\":\"BODY PEELING GEL CON PERLITE\"}]},{\"@type\":\"WebSite\",\"@id\":\"https:\/\/summecosmetics.es\/es\/#website\",\"url\":\"https:\/\/summecosmetics.es\/es\/\",\"name\":\"Summecosmetics\",\"description\":\"\",\"publisher\":{\"@id\":\"https:\/\/summecosmetics.es\/es\/#organization\"},\"potentialAction\":[{\"@type\":\"SearchAction\",\"target\":{\"@type\":\"EntryPoint\",\"urlTemplate\":\"https:\/\/summecosmetics.es\/es\/?s={search_term_string}\"},\"query-input\":{\"@type\":\"PropertyValueSpecification\",\"valueRequired\":true,\"valueName\":\"search_term_string\"}}],\"inLanguage\":\"es\"},{\"@type\":\"Organization\",\"@id\":\"https:\/\/summecosmetics.es\/es\/#organization\",\"name\":\"Summecosmetics\",\"url\":\"https:\/\/summecosmetics.es\/es\/\",\"logo\":{\"@type\":\"ImageObject\",\"inLanguage\":\"es\",\"@id\":\"https:\/\/summecosmetics.es\/es\/#\/schema\/logo\/image\/\",\"url\":\"https:\/\/summecosmetics.es\/wp-content\/uploads\/2018\/01\/logo_sume_pdf.png\",\"contentUrl\":\"https:\/\/summecosmetics.es\/wp-content\/uploads\/2018\/01\/logo_sume_pdf.png\",\"width\":800,\"height\":519,\"caption\":\"Summecosmetics\"},\"image\":{\"@id\":\"https:\/\/summecosmetics.es\/es\/#\/schema\/logo\/image\/\"},\"sameAs\":[\"https:\/\/www.facebook.com\/summecosmetics\/\",\"https:\/\/www.instagram.com\/summecosmetics\/\",\"https:\/\/www.pinterest.es\/summe2010\/\",\"https:\/\/www.youtube.com\/channel\/UCH8VKM8-QvCmbt0n02xSODg\"]}]}<\/script>\n<!-- \/ Yoast SEO plugin. -->","yoast_head_json":{"title":"BODY PEELING GEL CON PERLITE - Summecosmetics","description":"Body peeling gel. \u00d3ptima y respetuosa renovaci\u00f3n de la piel. Indicado antes de tratamientos corporales y de las primeras exposiciones solares.","robots":{"index":"index","follow":"follow","max-snippet":"max-snippet:-1","max-image-preview":"max-image-preview:large","max-video-preview":"max-video-preview:-1"},"canonical":"https:\/\/summecosmetics.es\/es\/producto\/body-peeling-gel\/","og_locale":"es_ES","og_type":"article","og_title":"BODY PEELING GEL CON PERLITE - Summecosmetics","og_description":"Body peeling gel. \u00d3ptima y respetuosa renovaci\u00f3n de la piel. Indicado antes de tratamientos corporales y de las primeras exposiciones solares.","og_url":"https:\/\/summecosmetics.es\/es\/producto\/body-peeling-gel\/","og_site_name":"Summecosmetics","article_publisher":"https:\/\/www.facebook.com\/summecosmetics\/","article_modified_time":"2026-03-26T09:58:10+00:00","og_image":[{"width":960,"height":960,"url":"https:\/\/summecosmetics.es\/wp-content\/uploads\/2024\/04\/exfoliante-tubo_producto-categoria.jpg","type":"image\/jpeg"}],"twitter_card":"summary_large_image","twitter_misc":{"Tiempo de lectura":"1 minuto"},"schema":{"@context":"https:\/\/schema.org","@graph":[{"@type":"WebPage","@id":"https:\/\/summecosmetics.es\/es\/producto\/body-peeling-gel\/","url":"https:\/\/summecosmetics.es\/es\/producto\/body-peeling-gel\/","name":"BODY PEELING GEL CON PERLITE - Summecosmetics","isPartOf":{"@id":"https:\/\/summecosmetics.es\/es\/#website"},"primaryImageOfPage":{"@id":"https:\/\/summecosmetics.es\/es\/producto\/body-peeling-gel\/#primaryimage"},"image":{"@id":"https:\/\/summecosmetics.es\/es\/producto\/body-peeling-gel\/#primaryimage"},"thumbnailUrl":"https:\/\/summecosmetics.es\/wp-content\/uploads\/2024\/04\/exfoliante-tubo_producto-categoria.jpg","datePublished":"2024-04-03T14:54:10+00:00","dateModified":"2026-03-26T09:58:10+00:00","description":"Body peeling gel. \u00d3ptima y respetuosa renovaci\u00f3n de la piel. Indicado antes de tratamientos corporales y de las primeras exposiciones solares.","breadcrumb":{"@id":"https:\/\/summecosmetics.es\/es\/producto\/body-peeling-gel\/#breadcrumb"},"inLanguage":"es","potentialAction":[{"@type":"ReadAction","target":["https:\/\/summecosmetics.es\/es\/producto\/body-peeling-gel\/"]}]},{"@type":"ImageObject","inLanguage":"es","@id":"https:\/\/summecosmetics.es\/es\/producto\/body-peeling-gel\/#primaryimage","url":"https:\/\/summecosmetics.es\/wp-content\/uploads\/2024\/04\/exfoliante-tubo_producto-categoria.jpg","contentUrl":"https:\/\/summecosmetics.es\/wp-content\/uploads\/2024\/04\/exfoliante-tubo_producto-categoria.jpg","width":960,"height":960,"caption":"Packaging Gel exfoliante corporal"},{"@type":"BreadcrumbList","@id":"https:\/\/summecosmetics.es\/es\/producto\/body-peeling-gel\/#breadcrumb","itemListElement":[{"@type":"ListItem","position":1,"name":"Home","item":"https:\/\/summecosmetics.es\/es\/"},{"@type":"ListItem","position":2,"name":"Productos","item":"https:\/\/summecosmetics.es\/es\/shop\/"},{"@type":"ListItem","position":3,"name":"BODY PEELING GEL CON PERLITE"}]},{"@type":"WebSite","@id":"https:\/\/summecosmetics.es\/es\/#website","url":"https:\/\/summecosmetics.es\/es\/","name":"Summecosmetics","description":"","publisher":{"@id":"https:\/\/summecosmetics.es\/es\/#organization"},"potentialAction":[{"@type":"SearchAction","target":{"@type":"EntryPoint","urlTemplate":"https:\/\/summecosmetics.es\/es\/?s={search_term_string}"},"query-input":{"@type":"PropertyValueSpecification","valueRequired":true,"valueName":"search_term_string"}}],"inLanguage":"es"},{"@type":"Organization","@id":"https:\/\/summecosmetics.es\/es\/#organization","name":"Summecosmetics","url":"https:\/\/summecosmetics.es\/es\/","logo":{"@type":"ImageObject","inLanguage":"es","@id":"https:\/\/summecosmetics.es\/es\/#\/schema\/logo\/image\/","url":"https:\/\/summecosmetics.es\/wp-content\/uploads\/2018\/01\/logo_sume_pdf.png","contentUrl":"https:\/\/summecosmetics.es\/wp-content\/uploads\/2018\/01\/logo_sume_pdf.png","width":800,"height":519,"caption":"Summecosmetics"},"image":{"@id":"https:\/\/summecosmetics.es\/es\/#\/schema\/logo\/image\/"},"sameAs":["https:\/\/www.facebook.com\/summecosmetics\/","https:\/\/www.instagram.com\/summecosmetics\/","https:\/\/www.pinterest.es\/summe2010\/","https:\/\/www.youtube.com\/channel\/UCH8VKM8-QvCmbt0n02xSODg"]}]}},"_links":{"self":[{"href":"https:\/\/summecosmetics.es\/es\/wp-json\/wp\/v2\/product\/7183","targetHints":{"allow":["GET"]}}],"collection":[{"href":"https:\/\/summecosmetics.es\/es\/wp-json\/wp\/v2\/product"}],"about":[{"href":"https:\/\/summecosmetics.es\/es\/wp-json\/wp\/v2\/types\/product"}],"version-history":[{"count":4,"href":"https:\/\/summecosmetics.es\/es\/wp-json\/wp\/v2\/product\/7183\/revisions"}],"predecessor-version":[{"id":10312,"href":"https:\/\/summecosmetics.es\/es\/wp-json\/wp\/v2\/product\/7183\/revisions\/10312"}],"wp:featuredmedia":[{"embeddable":true,"href":"https:\/\/summecosmetics.es\/es\/wp-json\/wp\/v2\/media\/7187"}],"wp:attachment":[{"href":"https:\/\/summecosmetics.es\/es\/wp-json\/wp\/v2\/media?parent=7183"}],"wp:term":[{"taxonomy":"product_brand","embeddable":true,"href":"https:\/\/summecosmetics.es\/es\/wp-json\/wp\/v2\/product_brand?post=7183"},{"taxonomy":"product_cat","embeddable":true,"href":"https:\/\/summecosmetics.es\/es\/wp-json\/wp\/v2\/product_cat?post=7183"},{"taxonomy":"product_tag","embeddable":true,"href":"https:\/\/summecosmetics.es\/es\/wp-json\/wp\/v2\/product_tag?post=7183"}],"curies":[{"name":"wp","href":"https:\/\/api.w.org\/{rel}","templated":true}]}}